{"id":7102,"date":"2023-11-02T11:16:18","date_gmt":"2023-11-02T15:16:18","guid":{"rendered":"https:\/\/sha.c13.myftpupload.com\/?page_id=7102"},"modified":"2025-12-18T09:21:29","modified_gmt":"2025-12-18T14:21:29","slug":"cold-heading-wire-request-for-quote","status":"publish","type":"page","link":"https:\/\/development.centralwire.com\/fr\/cold-heading-wire-request-for-quote\/","title":{"rendered":"Fil de frappe \u00e0 froid Demande de devis"},"content":{"rendered":"<div data-elementor-type=\"wp-page\" data-elementor-id=\"7102\" class=\"elementor elementor-7102\" data-elementor-post-type=\"page\">\n\t\t\t\t\t\t<section class=\"elementor-section elementor-top-section elementor-element elementor-element-9433f0d elementor-section-boxed elementor-section-height-default elementor-section-height-default\" data-id=\"9433f0d\" data-element_type=\"section\" data-e-type=\"section\" data-settings=\"{&quot;_ob_glider_is_slider&quot;:&quot;no&quot;}\">\n\t\t\t\t\t\t<div class=\"elementor-container elementor-column-gap-default\">\n\t\t\t\t\t<div class=\"elementor-column elementor-col-100 elementor-top-column elementor-element elementor-element-f0ef7c5\" data-id=\"f0ef7c5\" data-element_type=\"column\" data-e-type=\"column\" data-settings=\"{&quot;_ob_column_hoveranimator&quot;:&quot;no&quot;,&quot;_ob_column_has_pseudo&quot;:&quot;no&quot;}\">\n\t\t\t<div class=\"elementor-widget-wrap elementor-element-populated\">\n\t\t\t\t\t\t<div class=\"elementor-element elementor-element-7001ae1 ob-harakiri-inherit ob-has-background-overlay elementor-widget elementor-widget-heading\" data-id=\"7001ae1\" data-element_type=\"widget\" data-e-type=\"widget\" data-settings=\"{&quot;_ob_use_harakiri&quot;:&quot;yes&quot;,&quot;_ob_harakiri_writing_mode&quot;:&quot;inherit&quot;,&quot;_ob_harakiri_text_clip&quot;:&quot;none&quot;,&quot;_ob_widget_stalker_use&quot;:&quot;no&quot;,&quot;_ob_poopart_use&quot;:&quot;yes&quot;,&quot;_ob_shadough_use&quot;:&quot;no&quot;,&quot;_ob_allow_hoveranimator&quot;:&quot;no&quot;}\" data-widget_type=\"heading.default\">\n\t\t\t\t<div class=\"elementor-widget-container\">\n\t\t\t\t\t<h1 class=\"elementor-heading-title elementor-size-default\">Merci d'\u00eatre venu sur notre page de demande de prix pour le fil de frappe \u00e0 froid ! Remplissez une demande de devis ci-dessous et notre \u00e9quipe vous contactera dans les plus brefs d\u00e9lais. <\/h1>\t\t\t\t<\/div>\n\t\t\t\t<\/div>\n\t\t\t\t\t<\/div>\n\t\t<\/div>\n\t\t\t\t\t<\/div>\n\t\t<\/section>\n\t\t\t\t<section class=\"elementor-section elementor-top-section elementor-element elementor-element-cb97230 elementor-section-boxed elementor-section-height-default elementor-section-height-default\" data-id=\"cb97230\" data-element_type=\"section\" data-e-type=\"section\" data-settings=\"{&quot;_ob_glider_is_slider&quot;:&quot;no&quot;}\">\n\t\t\t\t\t\t<div class=\"elementor-container elementor-column-gap-default\">\n\t\t\t\t\t<div class=\"elementor-column elementor-col-33 elementor-top-column elementor-element elementor-element-f4e314d\" data-id=\"f4e314d\" data-element_type=\"column\" data-e-type=\"column\" data-settings=\"{&quot;_ob_column_hoveranimator&quot;:&quot;no&quot;,&quot;_ob_column_has_pseudo&quot;:&quot;no&quot;}\">\n\t\t\t<div class=\"elementor-widget-wrap elementor-element-populated\">\n\t\t\t\t\t\t<div class=\"elementor-element elementor-element-bae5e1b ob-has-background-overlay elementor-widget elementor-widget-image\" data-id=\"bae5e1b\" data-element_type=\"widget\" data-e-type=\"widget\" data-settings=\"{&quot;_ob_photomorph_use&quot;:&quot;no&quot;,&quot;_ob_widget_stalker_use&quot;:&quot;no&quot;,&quot;_ob_poopart_use&quot;:&quot;yes&quot;,&quot;_ob_shadough_use&quot;:&quot;no&quot;,&quot;_ob_allow_hoveranimator&quot;:&quot;no&quot;}\" data-widget_type=\"image.default\">\n\t\t\t\t<div class=\"elementor-widget-container\">\n\t\t\t\t\t\t\t\t\t\t\t\t\t\t\t<img fetchpriority=\"high\" decoding=\"async\" width=\"292\" height=\"276\" src=\"https:\/\/development.centralwire.com\/wp-content\/uploads\/2019\/08\/cold-heading-4.jpg\" class=\"elementor-animation-grow attachment-medium_large size-medium_large wp-image-1610\" alt=\"Fil de fil froid\" \/>\t\t\t\t\t\t\t\t\t\t\t\t\t\t\t<\/div>\n\t\t\t\t<\/div>\n\t\t\t\t\t<\/div>\n\t\t<\/div>\n\t\t\t\t<div class=\"elementor-column elementor-col-33 elementor-top-column elementor-element elementor-element-49560e0\" data-id=\"49560e0\" data-element_type=\"column\" data-e-type=\"column\" data-settings=\"{&quot;_ob_column_hoveranimator&quot;:&quot;no&quot;,&quot;_ob_column_has_pseudo&quot;:&quot;no&quot;}\">\n\t\t\t<div class=\"elementor-widget-wrap elementor-element-populated\">\n\t\t\t\t\t\t<div class=\"elementor-element elementor-element-dd9de68 ob-has-background-overlay elementor-widget elementor-widget-image\" data-id=\"dd9de68\" data-element_type=\"widget\" data-e-type=\"widget\" data-settings=\"{&quot;_ob_photomorph_use&quot;:&quot;no&quot;,&quot;_ob_widget_stalker_use&quot;:&quot;no&quot;,&quot;_ob_poopart_use&quot;:&quot;yes&quot;,&quot;_ob_shadough_use&quot;:&quot;no&quot;,&quot;_ob_allow_hoveranimator&quot;:&quot;no&quot;}\" data-widget_type=\"image.default\">\n\t\t\t\t<div class=\"elementor-widget-container\">\n\t\t\t\t\t\t\t\t\t\t\t\t\t\t\t<img decoding=\"async\" data-src=\"https:\/\/development.centralwire.com\/wp-content\/uploads\/elementor\/thumbs\/030818-F-5188L-001-q8am5o7n34frkcgdjpmnfavuzz3i1606841zwk1g7c.jpg\" title=\"H\u00e9licopt\u00e8re\" alt=\"H\u00e9licopt\u00e8re\" class=\"elementor-animation-grow lazyload\" src=\"data:image\/svg+xml;base64,PHN2ZyB3aWR0aD0iMSIgaGVpZ2h0PSIxIiB4bWxucz0iaHR0cDovL3d3dy53My5vcmcvMjAwMC9zdmciPjwvc3ZnPg==\" style=\"--smush-placeholder-width: 400px; --smush-placeholder-aspect-ratio: 400\/212;\" \/>\t\t\t\t\t\t\t\t\t\t\t\t\t\t\t<\/div>\n\t\t\t\t<\/div>\n\t\t\t\t\t<\/div>\n\t\t<\/div>\n\t\t\t\t<div class=\"elementor-column elementor-col-33 elementor-top-column elementor-element elementor-element-4fc9524\" data-id=\"4fc9524\" data-element_type=\"column\" data-e-type=\"column\" data-settings=\"{&quot;_ob_column_hoveranimator&quot;:&quot;no&quot;,&quot;_ob_column_has_pseudo&quot;:&quot;no&quot;}\">\n\t\t\t<div class=\"elementor-widget-wrap elementor-element-populated\">\n\t\t\t\t\t\t<div class=\"elementor-element elementor-element-87d6e16 ob-has-background-overlay elementor-widget elementor-widget-image\" data-id=\"87d6e16\" data-element_type=\"widget\" data-e-type=\"widget\" data-settings=\"{&quot;_ob_photomorph_use&quot;:&quot;no&quot;,&quot;_ob_widget_stalker_use&quot;:&quot;no&quot;,&quot;_ob_poopart_use&quot;:&quot;yes&quot;,&quot;_ob_shadough_use&quot;:&quot;no&quot;,&quot;_ob_allow_hoveranimator&quot;:&quot;no&quot;}\" data-widget_type=\"image.default\">\n\t\t\t\t<div class=\"elementor-widget-container\">\n\t\t\t\t\t\t\t\t\t\t\t\t\t\t\t<img decoding=\"async\" data-src=\"https:\/\/development.centralwire.com\/wp-content\/uploads\/elementor\/thumbs\/Cold-Heading-Wire-Closeup-e1698938642383-qerw5c3r015n2rjjto5y0gki78dqumvh8i06k0q7bw.jpg\" title=\"Wire\" alt=\"Wire\" class=\"elementor-animation-grow lazyload\" src=\"data:image\/svg+xml;base64,PHN2ZyB3aWR0aD0iMSIgaGVpZ2h0PSIxIiB4bWxucz0iaHR0cDovL3d3dy53My5vcmcvMjAwMC9zdmciPjwvc3ZnPg==\" style=\"--smush-placeholder-width: 405px; --smush-placeholder-aspect-ratio: 405\/214;\" \/>\t\t\t\t\t\t\t\t\t\t\t\t\t\t\t<\/div>\n\t\t\t\t<\/div>\n\t\t\t\t\t<\/div>\n\t\t<\/div>\n\t\t\t\t\t<\/div>\n\t\t<\/section>\n\t\t<div class=\"elementor-element elementor-element-ad3d44f e-flex e-con-boxed e-con e-parent\" data-id=\"ad3d44f\" data-element_type=\"container\" data-e-type=\"container\" data-settings=\"{&quot;_ob_use_container_extras&quot;:&quot;no&quot;,&quot;_ob_column_hoveranimator&quot;:&quot;no&quot;,&quot;_ob_glider_is_slider&quot;:&quot;no&quot;,&quot;_ob_column_has_pseudo&quot;:&quot;no&quot;}\">\n\t\t\t\t\t<div class=\"e-con-inner\">\n\t\t\t\t<div class=\"elementor-element elementor-element-8dc46f0 ob-has-background-overlay elementor-widget elementor-widget-html\" data-id=\"8dc46f0\" data-element_type=\"widget\" data-e-type=\"widget\" data-settings=\"{&quot;_ob_widget_stalker_use&quot;:&quot;no&quot;,&quot;_ob_poopart_use&quot;:&quot;yes&quot;,&quot;_ob_shadough_use&quot;:&quot;no&quot;,&quot;_ob_allow_hoveranimator&quot;:&quot;no&quot;}\" data-widget_type=\"html.default\">\n\t\t\t\t<div class=\"elementor-widget-container\">\n\t\t\t\t\t<script charset=\"utf-8\" type=\"text\/javascript\" src=\"\/\/js.hsforms.net\/forms\/embed\/v2.js\"><span data-mce-type=\"bookmark\" style=\"display: inline-block; width: 0px; overflow: hidden; line-height: 0;\" class=\"mce_SELRES_start\">\ufeff<\/span><\/script>\r\n<script>\r\n  hbspt.forms.create({\r\n    region: \"na1\",\r\n    portalId: \"76035\",\r\n    formId: \"b33d4316-2ac1-4a80-8ba5-43c117dab5b6\"\r\n  });\r\n<\/script>\t\t\t\t<\/div>\n\t\t\t\t<\/div>\n\t\t\t\t\t<\/div>\n\t\t\t\t<\/div>\n\t\t\t\t<\/div>","protected":false},"excerpt":{"rendered":"<p>Loos vous souhaite la bienvenue au Manufacturing Road Show Series \u00e0 Norwich ! Explorez les pages suivantes pour en savoir plus sur nous et sur nos cadeaux amusants. <\/p>","protected":false},"author":10,"featured_media":1619,"parent":0,"menu_order":0,"comment_status":"closed","ping_status":"closed","template":"","meta":{"content-type":"","inline_featured_image":false,"footnotes":""},"class_list":["post-7102","page","type-page","status-publish","has-post-thumbnail","hentry"],"yoast_head":"<!-- This site is optimized with the Yoast SEO Premium plugin v27.2 (Yoast SEO v27.3) - https:\/\/yoast.com\/product\/yoast-seo-premium-wordpress\/ -->\n<title>Cold Heading Wire Request for Quote<\/title>\n<meta name=\"description\" content=\"Welcome to our Request for Quote page for Cold Heading Wire. Submit a quote today to shortly hear back from our team!\" \/>\n<meta name=\"robots\" content=\"index, follow, max-snippet:-1, max-image-preview:large, max-video-preview:-1\" \/>\n<link rel=\"canonical\" href=\"https:\/\/development.centralwire.com\/fr\/cold-heading-wire-request-for-quote\/\" \/>\n<meta property=\"og:locale\" content=\"fr_FR\" \/>\n<meta property=\"og:type\" content=\"article\" \/>\n<meta property=\"og:title\" content=\"Cold Heading Wire Request for Quote\" \/>\n<meta property=\"og:description\" content=\"Welcome to our Request for Quote page for Cold Heading Wire. Submit a quote today to shortly hear back from our team!\" \/>\n<meta property=\"og:url\" content=\"https:\/\/development.centralwire.com\/fr\/cold-heading-wire-request-for-quote\/\" \/>\n<meta property=\"og:site_name\" content=\"Central Wire\" \/>\n<meta property=\"article:publisher\" content=\"https:\/\/www.facebook.com\/centralwire\/\" \/>\n<meta property=\"article:modified_time\" content=\"2025-12-18T14:21:29+00:00\" \/>\n<meta property=\"og:image\" content=\"https:\/\/development.centralwire.com\/wp-content\/uploads\/2019\/08\/cold-heading-header.jpg\" \/>\n\t<meta property=\"og:image:width\" content=\"1366\" \/>\n\t<meta property=\"og:image:height\" content=\"469\" \/>\n\t<meta property=\"og:image:type\" content=\"image\/jpeg\" \/>\n<meta name=\"twitter:card\" content=\"summary_large_image\" \/>\n<meta name=\"twitter:site\" content=\"@centralwire\" \/>\n<meta name=\"twitter:label1\" content=\"Dur\u00e9e de lecture estim\u00e9e\" \/>\n\t<meta name=\"twitter:data1\" content=\"1 minute\" \/>\n<script type=\"application\/ld+json\" class=\"yoast-schema-graph\">{\"@context\":\"https:\\\/\\\/schema.org\",\"@graph\":[{\"@type\":\"WebPage\",\"@id\":\"https:\\\/\\\/development.centralwire.com\\\/cold-heading-wire-request-for-quote\\\/\",\"url\":\"https:\\\/\\\/development.centralwire.com\\\/cold-heading-wire-request-for-quote\\\/\",\"name\":\"Cold Heading Wire Request for Quote\",\"isPartOf\":{\"@id\":\"https:\\\/\\\/development.centralwire.com\\\/#website\"},\"primaryImageOfPage\":{\"@id\":\"https:\\\/\\\/development.centralwire.com\\\/cold-heading-wire-request-for-quote\\\/#primaryimage\"},\"image\":{\"@id\":\"https:\\\/\\\/development.centralwire.com\\\/cold-heading-wire-request-for-quote\\\/#primaryimage\"},\"thumbnailUrl\":\"https:\\\/\\\/development.centralwire.com\\\/wp-content\\\/uploads\\\/2019\\\/08\\\/cold-heading-header.jpg\",\"datePublished\":\"2023-11-02T15:16:18+00:00\",\"dateModified\":\"2025-12-18T14:21:29+00:00\",\"description\":\"Welcome to our Request for Quote page for Cold Heading Wire. Submit a quote today to shortly hear back from our team!\",\"breadcrumb\":{\"@id\":\"https:\\\/\\\/development.centralwire.com\\\/cold-heading-wire-request-for-quote\\\/#breadcrumb\"},\"inLanguage\":\"fr-FR\",\"potentialAction\":[{\"@type\":\"ReadAction\",\"target\":[\"https:\\\/\\\/development.centralwire.com\\\/cold-heading-wire-request-for-quote\\\/\"]}]},{\"@type\":\"ImageObject\",\"inLanguage\":\"fr-FR\",\"@id\":\"https:\\\/\\\/development.centralwire.com\\\/cold-heading-wire-request-for-quote\\\/#primaryimage\",\"url\":\"https:\\\/\\\/development.centralwire.com\\\/wp-content\\\/uploads\\\/2019\\\/08\\\/cold-heading-header.jpg\",\"contentUrl\":\"https:\\\/\\\/development.centralwire.com\\\/wp-content\\\/uploads\\\/2019\\\/08\\\/cold-heading-header.jpg\",\"width\":1366,\"height\":469},{\"@type\":\"BreadcrumbList\",\"@id\":\"https:\\\/\\\/development.centralwire.com\\\/cold-heading-wire-request-for-quote\\\/#breadcrumb\",\"itemListElement\":[{\"@type\":\"ListItem\",\"position\":1,\"name\":\"Home\",\"item\":\"https:\\\/\\\/development.centralwire.com\\\/\"},{\"@type\":\"ListItem\",\"position\":2,\"name\":\"Cold Heading Wire Request for Quote\"}]},{\"@type\":\"WebSite\",\"@id\":\"https:\\\/\\\/development.centralwire.com\\\/#website\",\"url\":\"https:\\\/\\\/development.centralwire.com\\\/\",\"name\":\"Central Wire\",\"description\":\"Drawing on Innovation\",\"publisher\":{\"@id\":\"https:\\\/\\\/development.centralwire.com\\\/#organization\"},\"potentialAction\":[{\"@type\":\"SearchAction\",\"target\":{\"@type\":\"EntryPoint\",\"urlTemplate\":\"https:\\\/\\\/development.centralwire.com\\\/?s={search_term_string}\"},\"query-input\":{\"@type\":\"PropertyValueSpecification\",\"valueRequired\":true,\"valueName\":\"search_term_string\"}}],\"inLanguage\":\"fr-FR\"},{\"@type\":\"Organization\",\"@id\":\"https:\\\/\\\/development.centralwire.com\\\/#organization\",\"name\":\"Central Wire Inc.\",\"alternateName\":\"Central Wire Group of Companies\",\"url\":\"https:\\\/\\\/development.centralwire.com\\\/\",\"logo\":{\"@type\":\"ImageObject\",\"inLanguage\":\"fr-FR\",\"@id\":\"https:\\\/\\\/development.centralwire.com\\\/#\\\/schema\\\/logo\\\/image\\\/\",\"url\":\"https:\\\/\\\/cdn.centralwire.com\\\/wp-content\\\/uploads\\\/2023\\\/03\\\/CWI-Group-Logo-1.png?strip=all&lossy=1&ssl=1\",\"contentUrl\":\"https:\\\/\\\/cdn.centralwire.com\\\/wp-content\\\/uploads\\\/2023\\\/03\\\/CWI-Group-Logo-1.png?strip=all&lossy=1&ssl=1\",\"width\":1400,\"height\":650,\"caption\":\"Central Wire Inc.\"},\"image\":{\"@id\":\"https:\\\/\\\/development.centralwire.com\\\/#\\\/schema\\\/logo\\\/image\\\/\"},\"sameAs\":[\"https:\\\/\\\/www.facebook.com\\\/centralwire\\\/\",\"https:\\\/\\\/x.com\\\/centralwire\",\"https:\\\/\\\/www.linkedin.com\\\/company\\\/central-wire\"]}]}<\/script>\n<!-- \/ Yoast SEO Premium plugin. -->","yoast_head_json":{"title":"Fil de frappe \u00e0 froid Demande de devis","description":"Bienvenue sur notre page de demande de devis pour le fil de frappe \u00e0 froid. Soumettez un devis d\u00e8s aujourd'hui et notre \u00e9quipe vous r\u00e9pondra dans les plus brefs d\u00e9lais !","robots":{"index":"index","follow":"follow","max-snippet":"max-snippet:-1","max-image-preview":"max-image-preview:large","max-video-preview":"max-video-preview:-1"},"canonical":"https:\/\/development.centralwire.com\/fr\/cold-heading-wire-request-for-quote\/","og_locale":"fr_FR","og_type":"article","og_title":"Cold Heading Wire Request for Quote","og_description":"Welcome to our Request for Quote page for Cold Heading Wire. Submit a quote today to shortly hear back from our team!","og_url":"https:\/\/development.centralwire.com\/fr\/cold-heading-wire-request-for-quote\/","og_site_name":"Central Wire","article_publisher":"https:\/\/www.facebook.com\/centralwire\/","article_modified_time":"2025-12-18T14:21:29+00:00","og_image":[{"width":1366,"height":469,"url":"https:\/\/development.centralwire.com\/wp-content\/uploads\/2019\/08\/cold-heading-header.jpg","type":"image\/jpeg"}],"twitter_card":"summary_large_image","twitter_site":"@centralwire","twitter_misc":{"Dur\u00e9e de lecture estim\u00e9e":"1 minute"},"schema":{"@context":"https:\/\/schema.org","@graph":[{"@type":"WebPage","@id":"https:\/\/development.centralwire.com\/cold-heading-wire-request-for-quote\/","url":"https:\/\/development.centralwire.com\/cold-heading-wire-request-for-quote\/","name":"Fil de frappe \u00e0 froid Demande de devis","isPartOf":{"@id":"https:\/\/development.centralwire.com\/#website"},"primaryImageOfPage":{"@id":"https:\/\/development.centralwire.com\/cold-heading-wire-request-for-quote\/#primaryimage"},"image":{"@id":"https:\/\/development.centralwire.com\/cold-heading-wire-request-for-quote\/#primaryimage"},"thumbnailUrl":"https:\/\/development.centralwire.com\/wp-content\/uploads\/2019\/08\/cold-heading-header.jpg","datePublished":"2023-11-02T15:16:18+00:00","dateModified":"2025-12-18T14:21:29+00:00","description":"Bienvenue sur notre page de demande de devis pour le fil de frappe \u00e0 froid. Soumettez un devis d\u00e8s aujourd'hui et notre \u00e9quipe vous r\u00e9pondra dans les plus brefs d\u00e9lais !","breadcrumb":{"@id":"https:\/\/development.centralwire.com\/cold-heading-wire-request-for-quote\/#breadcrumb"},"inLanguage":"fr-FR","potentialAction":[{"@type":"ReadAction","target":["https:\/\/development.centralwire.com\/cold-heading-wire-request-for-quote\/"]}]},{"@type":"ImageObject","inLanguage":"fr-FR","@id":"https:\/\/development.centralwire.com\/cold-heading-wire-request-for-quote\/#primaryimage","url":"https:\/\/development.centralwire.com\/wp-content\/uploads\/2019\/08\/cold-heading-header.jpg","contentUrl":"https:\/\/development.centralwire.com\/wp-content\/uploads\/2019\/08\/cold-heading-header.jpg","width":1366,"height":469},{"@type":"BreadcrumbList","@id":"https:\/\/development.centralwire.com\/cold-heading-wire-request-for-quote\/#breadcrumb","itemListElement":[{"@type":"ListItem","position":1,"name":"Home","item":"https:\/\/development.centralwire.com\/"},{"@type":"ListItem","position":2,"name":"Cold Heading Wire Request for Quote"}]},{"@type":"WebSite","@id":"https:\/\/development.centralwire.com\/#website","url":"https:\/\/development.centralwire.com\/","name":"Fil central","description":"S'appuyant sur l'innovation","publisher":{"@id":"https:\/\/development.centralwire.com\/#organization"},"potentialAction":[{"@type":"SearchAction","target":{"@type":"EntryPoint","urlTemplate":"https:\/\/development.centralwire.com\/?s={search_term_string}"},"query-input":{"@type":"PropertyValueSpecification","valueRequired":true,"valueName":"search_term_string"}}],"inLanguage":"fr-FR"},{"@type":"Organization","@id":"https:\/\/development.centralwire.com\/#organization","name":"Central Wire Inc.","alternateName":"Central Wire Group of Companies","url":"https:\/\/development.centralwire.com\/","logo":{"@type":"ImageObject","inLanguage":"fr-FR","@id":"https:\/\/development.centralwire.com\/#\/schema\/logo\/image\/","url":"https:\/\/cdn.centralwire.com\/wp-content\/uploads\/2023\/03\/CWI-Group-Logo-1.png?strip=all&lossy=1&ssl=1","contentUrl":"https:\/\/cdn.centralwire.com\/wp-content\/uploads\/2023\/03\/CWI-Group-Logo-1.png?strip=all&lossy=1&ssl=1","width":1400,"height":650,"caption":"Central Wire Inc."},"image":{"@id":"https:\/\/development.centralwire.com\/#\/schema\/logo\/image\/"},"sameAs":["https:\/\/www.facebook.com\/centralwire\/","https:\/\/x.com\/centralwire","https:\/\/www.linkedin.com\/company\/central-wire"]}]}},"_links":{"self":[{"href":"https:\/\/development.centralwire.com\/fr\/wp-json\/wp\/v2\/pages\/7102","targetHints":{"allow":["GET"]}}],"collection":[{"href":"https:\/\/development.centralwire.com\/fr\/wp-json\/wp\/v2\/pages"}],"about":[{"href":"https:\/\/development.centralwire.com\/fr\/wp-json\/wp\/v2\/types\/page"}],"author":[{"embeddable":true,"href":"https:\/\/development.centralwire.com\/fr\/wp-json\/wp\/v2\/users\/10"}],"replies":[{"embeddable":true,"href":"https:\/\/development.centralwire.com\/fr\/wp-json\/wp\/v2\/comments?post=7102"}],"version-history":[{"count":3,"href":"https:\/\/development.centralwire.com\/fr\/wp-json\/wp\/v2\/pages\/7102\/revisions"}],"predecessor-version":[{"id":36483,"href":"https:\/\/development.centralwire.com\/fr\/wp-json\/wp\/v2\/pages\/7102\/revisions\/36483"}],"wp:featuredmedia":[{"embeddable":true,"href":"https:\/\/development.centralwire.com\/fr\/wp-json\/wp\/v2\/media\/1619"}],"wp:attachment":[{"href":"https:\/\/development.centralwire.com\/fr\/wp-json\/wp\/v2\/media?parent=7102"}],"curies":[{"name":"wp","href":"https:\/\/api.w.org\/{rel}","templated":true}]}}