{"id":1151,"date":"2024-08-12T10:16:06","date_gmt":"2024-08-12T14:16:06","guid":{"rendered":"https:\/\/loosco.pomfretweb.com\/request-a-quote\/"},"modified":"2024-08-12T10:16:06","modified_gmt":"2024-08-12T14:16:06","slug":"request-a-quote","status":"publish","type":"page","link":"https:\/\/development.centralwire.com\/es\/request-a-quote\/","title":{"rendered":"Request a Quote"},"content":{"rendered":"<div data-elementor-type=\"wp-page\" data-elementor-id=\"1151\" class=\"elementor elementor-1151\" data-elementor-post-type=\"page\">\n\t\t\t\t<div class=\"elementor-element elementor-element-10f0056f e-flex e-con-boxed e-con e-parent\" data-id=\"10f0056f\" data-element_type=\"container\" data-e-type=\"container\" data-settings=\"{&quot;_ob_use_container_extras&quot;:&quot;no&quot;,&quot;_ob_column_hoveranimator&quot;:&quot;no&quot;,&quot;_ob_glider_is_slider&quot;:&quot;no&quot;,&quot;_ob_column_has_pseudo&quot;:&quot;no&quot;}\">\n\t\t\t\t\t<div class=\"e-con-inner\">\n\t\t\t\t<div class=\"elementor-element elementor-element-7ba203a ob-has-background-overlay elementor-widget elementor-widget-woocommerce-notices\" data-id=\"7ba203a\" data-element_type=\"widget\" data-e-type=\"widget\" data-settings=\"{&quot;_ob_widget_stalker_use&quot;:&quot;no&quot;,&quot;_ob_poopart_use&quot;:&quot;yes&quot;,&quot;_ob_shadough_use&quot;:&quot;no&quot;,&quot;_ob_allow_hoveranimator&quot;:&quot;no&quot;}\" data-widget_type=\"woocommerce-notices.default\">\n\t\t\t\t<div class=\"elementor-widget-container\">\n\t\t\t\t\t\t\t<style>\n\t\t\t.woocommerce-notices-wrapper,\n\t\t\t.woocommerce-message,\n\t\t\t.woocommerce-error,\n\t\t\t.woocommerce-info {\n\t\t\t\tdisplay: none;\n\t\t\t}\n\t\t<\/style>\n\t\t\t\t\t<div class=\"e-woocommerce-notices-wrapper e-woocommerce-notices-wrapper-loading\">\n\t\t\t\t<div class=\"woocommerce-notices-wrapper\"><\/div>\t\t\t<\/div>\n\t\t\t\t\t\t\t<\/div>\n\t\t\t\t<\/div>\n\t\t\t\t<div class=\"elementor-element elementor-element-254ee0b ob-has-background-overlay elementor-widget elementor-widget-shortcode\" data-id=\"254ee0b\" data-element_type=\"widget\" data-e-type=\"widget\" data-settings=\"{&quot;_ob_widget_stalker_use&quot;:&quot;no&quot;,&quot;_ob_poopart_use&quot;:&quot;yes&quot;,&quot;_ob_shadough_use&quot;:&quot;no&quot;,&quot;_ob_allow_hoveranimator&quot;:&quot;no&quot;}\" data-widget_type=\"shortcode.default\">\n\t\t\t\t<div class=\"elementor-widget-container\">\n\t\t\t\t\t\t\t<div class=\"elementor-shortcode\"><div class=\"woocommerce adf-request-quote-page template_one\">\n\t<div class=\"woocommerce-notices-wrapper\"><\/div>\n\t<style type=\"text\/css\">\n\t\t.adf-request-quote-page.template_one{\n\t\t\twidth: 100%!important;\n\t\t\tmax-width: 1000px!important;\n\t\t}\n\t\t.adf-request-quote-page.template_two{\n\t\t\twidth: 100%!important;\n\t\t\tmax-width:1160px!important\n\t\t}\n\t<\/style>\n\n\t<div class=\"addify\">\n\t\t<p class=\"cart-empty\">Su cotizaci\u00f3n est\u00e1 actualmente vac\u00eda.<\/p>\n\t\t\t\t<p class=\"return-to-shop\"><a href=\"https:\/\/development.centralwire.com\/es\/?page_id=562\" class=\"button wc-backward\">Volver a la tienda<\/a>\n\t\t<\/p>\n\t<\/div>\n\t\n\t<\/div>\n<\/div>\n\t\t\t\t\t\t<\/div>\n\t\t\t\t<\/div>\n\t\t\t\t\t<\/div>\n\t\t\t\t<\/div>\n\t\t\t\t<\/div>","protected":false},"excerpt":{"rendered":"","protected":false},"author":24,"featured_media":464,"parent":0,"menu_order":0,"comment_status":"closed","ping_status":"closed","template":"","meta":{"content-type":"","inline_featured_image":false,"footnotes":""},"class_list":["post-1151","page","type-page","status-publish","has-post-thumbnail","hentry"],"yoast_head":"<!-- This site is optimized with the Yoast SEO Premium plugin v27.2 (Yoast SEO v27.3) - https:\/\/yoast.com\/product\/yoast-seo-premium-wordpress\/ -->\n<title>Request a Quote | Central Wire<\/title>\n<meta name=\"robots\" content=\"index, follow, max-snippet:-1, max-image-preview:large, max-video-preview:-1\" \/>\n<link rel=\"canonical\" href=\"https:\/\/development.centralwire.com\/es\/request-a-quote\/\" \/>\n<meta property=\"og:locale\" content=\"es_ES\" \/>\n<meta property=\"og:type\" content=\"article\" \/>\n<meta property=\"og:title\" content=\"Request a Quote\" \/>\n<meta property=\"og:url\" content=\"https:\/\/development.centralwire.com\/es\/request-a-quote\/\" \/>\n<meta property=\"og:site_name\" content=\"Central Wire\" \/>\n<meta property=\"article:publisher\" content=\"https:\/\/www.facebook.com\/centralwire\/\" \/>\n<meta name=\"twitter:card\" content=\"summary_large_image\" \/>\n<meta name=\"twitter:site\" content=\"@centralwire\" \/>\n<script type=\"application\/ld+json\" class=\"yoast-schema-graph\">{\"@context\":\"https:\\\/\\\/schema.org\",\"@graph\":[{\"@type\":\"WebPage\",\"@id\":\"https:\\\/\\\/development.centralwire.com\\\/request-a-quote\\\/\",\"url\":\"https:\\\/\\\/development.centralwire.com\\\/request-a-quote\\\/\",\"name\":\"Request a Quote | Central Wire\",\"isPartOf\":{\"@id\":\"https:\\\/\\\/development.centralwire.com\\\/#website\"},\"primaryImageOfPage\":{\"@id\":\"https:\\\/\\\/development.centralwire.com\\\/request-a-quote\\\/#primaryimage\"},\"image\":{\"@id\":\"https:\\\/\\\/development.centralwire.com\\\/request-a-quote\\\/#primaryimage\"},\"thumbnailUrl\":\"https:\\\/\\\/development.centralwire.com\\\/wp-content\\\/uploads\\\/2024\\\/07\\\/wire-rope-aircraft-cable-usa-scaled-1.jpg\",\"datePublished\":\"2024-08-12T14:16:06+00:00\",\"breadcrumb\":{\"@id\":\"https:\\\/\\\/development.centralwire.com\\\/request-a-quote\\\/#breadcrumb\"},\"inLanguage\":\"es\",\"potentialAction\":[{\"@type\":\"ReadAction\",\"target\":[\"https:\\\/\\\/development.centralwire.com\\\/request-a-quote\\\/\"]}]},{\"@type\":\"ImageObject\",\"inLanguage\":\"es\",\"@id\":\"https:\\\/\\\/development.centralwire.com\\\/request-a-quote\\\/#primaryimage\",\"url\":\"https:\\\/\\\/development.centralwire.com\\\/wp-content\\\/uploads\\\/2024\\\/07\\\/wire-rope-aircraft-cable-usa-scaled-1.jpg\",\"contentUrl\":\"https:\\\/\\\/development.centralwire.com\\\/wp-content\\\/uploads\\\/2024\\\/07\\\/wire-rope-aircraft-cable-usa-scaled-1.jpg\",\"width\":1800,\"height\":1200},{\"@type\":\"BreadcrumbList\",\"@id\":\"https:\\\/\\\/development.centralwire.com\\\/request-a-quote\\\/#breadcrumb\",\"itemListElement\":[{\"@type\":\"ListItem\",\"position\":1,\"name\":\"Home\",\"item\":\"https:\\\/\\\/development.centralwire.com\\\/\"},{\"@type\":\"ListItem\",\"position\":2,\"name\":\"Request a Quote\"}]},{\"@type\":\"WebSite\",\"@id\":\"https:\\\/\\\/development.centralwire.com\\\/#website\",\"url\":\"https:\\\/\\\/development.centralwire.com\\\/\",\"name\":\"Central Wire\",\"description\":\"Drawing on Innovation\",\"publisher\":{\"@id\":\"https:\\\/\\\/development.centralwire.com\\\/#organization\"},\"potentialAction\":[{\"@type\":\"SearchAction\",\"target\":{\"@type\":\"EntryPoint\",\"urlTemplate\":\"https:\\\/\\\/development.centralwire.com\\\/?s={search_term_string}\"},\"query-input\":{\"@type\":\"PropertyValueSpecification\",\"valueRequired\":true,\"valueName\":\"search_term_string\"}}],\"inLanguage\":\"es\"},{\"@type\":\"Organization\",\"@id\":\"https:\\\/\\\/development.centralwire.com\\\/#organization\",\"name\":\"Central Wire Inc.\",\"alternateName\":\"Central Wire Group of Companies\",\"url\":\"https:\\\/\\\/development.centralwire.com\\\/\",\"logo\":{\"@type\":\"ImageObject\",\"inLanguage\":\"es\",\"@id\":\"https:\\\/\\\/development.centralwire.com\\\/#\\\/schema\\\/logo\\\/image\\\/\",\"url\":\"https:\\\/\\\/cdn.centralwire.com\\\/wp-content\\\/uploads\\\/2023\\\/03\\\/CWI-Group-Logo-1.png?strip=all&lossy=1&ssl=1\",\"contentUrl\":\"https:\\\/\\\/cdn.centralwire.com\\\/wp-content\\\/uploads\\\/2023\\\/03\\\/CWI-Group-Logo-1.png?strip=all&lossy=1&ssl=1\",\"width\":1400,\"height\":650,\"caption\":\"Central Wire Inc.\"},\"image\":{\"@id\":\"https:\\\/\\\/development.centralwire.com\\\/#\\\/schema\\\/logo\\\/image\\\/\"},\"sameAs\":[\"https:\\\/\\\/www.facebook.com\\\/centralwire\\\/\",\"https:\\\/\\\/x.com\\\/centralwire\",\"https:\\\/\\\/www.linkedin.com\\\/company\\\/central-wire\"]}]}<\/script>\n<!-- \/ Yoast SEO Premium plugin. -->","yoast_head_json":{"title":"Request a Quote | Central Wire","robots":{"index":"index","follow":"follow","max-snippet":"max-snippet:-1","max-image-preview":"max-image-preview:large","max-video-preview":"max-video-preview:-1"},"canonical":"https:\/\/development.centralwire.com\/es\/request-a-quote\/","og_locale":"es_ES","og_type":"article","og_title":"Request a Quote","og_url":"https:\/\/development.centralwire.com\/es\/request-a-quote\/","og_site_name":"Central Wire","article_publisher":"https:\/\/www.facebook.com\/centralwire\/","twitter_card":"summary_large_image","twitter_site":"@centralwire","schema":{"@context":"https:\/\/schema.org","@graph":[{"@type":"WebPage","@id":"https:\/\/development.centralwire.com\/request-a-quote\/","url":"https:\/\/development.centralwire.com\/request-a-quote\/","name":"Request a Quote | Central Wire","isPartOf":{"@id":"https:\/\/development.centralwire.com\/#website"},"primaryImageOfPage":{"@id":"https:\/\/development.centralwire.com\/request-a-quote\/#primaryimage"},"image":{"@id":"https:\/\/development.centralwire.com\/request-a-quote\/#primaryimage"},"thumbnailUrl":"https:\/\/development.centralwire.com\/wp-content\/uploads\/2024\/07\/wire-rope-aircraft-cable-usa-scaled-1.jpg","datePublished":"2024-08-12T14:16:06+00:00","breadcrumb":{"@id":"https:\/\/development.centralwire.com\/request-a-quote\/#breadcrumb"},"inLanguage":"es","potentialAction":[{"@type":"ReadAction","target":["https:\/\/development.centralwire.com\/request-a-quote\/"]}]},{"@type":"ImageObject","inLanguage":"es","@id":"https:\/\/development.centralwire.com\/request-a-quote\/#primaryimage","url":"https:\/\/development.centralwire.com\/wp-content\/uploads\/2024\/07\/wire-rope-aircraft-cable-usa-scaled-1.jpg","contentUrl":"https:\/\/development.centralwire.com\/wp-content\/uploads\/2024\/07\/wire-rope-aircraft-cable-usa-scaled-1.jpg","width":1800,"height":1200},{"@type":"BreadcrumbList","@id":"https:\/\/development.centralwire.com\/request-a-quote\/#breadcrumb","itemListElement":[{"@type":"ListItem","position":1,"name":"Home","item":"https:\/\/development.centralwire.com\/"},{"@type":"ListItem","position":2,"name":"Request a Quote"}]},{"@type":"WebSite","@id":"https:\/\/development.centralwire.com\/#website","url":"https:\/\/development.centralwire.com\/","name":"Cable central","description":"Aprovechar la innovaci\u00f3n","publisher":{"@id":"https:\/\/development.centralwire.com\/#organization"},"potentialAction":[{"@type":"SearchAction","target":{"@type":"EntryPoint","urlTemplate":"https:\/\/development.centralwire.com\/?s={search_term_string}"},"query-input":{"@type":"PropertyValueSpecification","valueRequired":true,"valueName":"search_term_string"}}],"inLanguage":"es"},{"@type":"Organization","@id":"https:\/\/development.centralwire.com\/#organization","name":"Central Wire Inc.","alternateName":"Central Wire Group of Companies","url":"https:\/\/development.centralwire.com\/","logo":{"@type":"ImageObject","inLanguage":"es","@id":"https:\/\/development.centralwire.com\/#\/schema\/logo\/image\/","url":"https:\/\/cdn.centralwire.com\/wp-content\/uploads\/2023\/03\/CWI-Group-Logo-1.png?strip=all&lossy=1&ssl=1","contentUrl":"https:\/\/cdn.centralwire.com\/wp-content\/uploads\/2023\/03\/CWI-Group-Logo-1.png?strip=all&lossy=1&ssl=1","width":1400,"height":650,"caption":"Central Wire Inc."},"image":{"@id":"https:\/\/development.centralwire.com\/#\/schema\/logo\/image\/"},"sameAs":["https:\/\/www.facebook.com\/centralwire\/","https:\/\/x.com\/centralwire","https:\/\/www.linkedin.com\/company\/central-wire"]}]}},"_links":{"self":[{"href":"https:\/\/development.centralwire.com\/es\/wp-json\/wp\/v2\/pages\/1151","targetHints":{"allow":["GET"]}}],"collection":[{"href":"https:\/\/development.centralwire.com\/es\/wp-json\/wp\/v2\/pages"}],"about":[{"href":"https:\/\/development.centralwire.com\/es\/wp-json\/wp\/v2\/types\/page"}],"author":[{"embeddable":true,"href":"https:\/\/development.centralwire.com\/es\/wp-json\/wp\/v2\/users\/24"}],"replies":[{"embeddable":true,"href":"https:\/\/development.centralwire.com\/es\/wp-json\/wp\/v2\/comments?post=1151"}],"version-history":[{"count":1,"href":"https:\/\/development.centralwire.com\/es\/wp-json\/wp\/v2\/pages\/1151\/revisions"}],"predecessor-version":[{"id":36184,"href":"https:\/\/development.centralwire.com\/es\/wp-json\/wp\/v2\/pages\/1151\/revisions\/36184"}],"wp:featuredmedia":[{"embeddable":true,"href":"https:\/\/development.centralwire.com\/es\/wp-json\/wp\/v2\/media\/464"}],"wp:attachment":[{"href":"https:\/\/development.centralwire.com\/es\/wp-json\/wp\/v2\/media?parent=1151"}],"curies":[{"name":"wp","href":"https:\/\/api.w.org\/{rel}","templated":true}]}}