{"id":3783,"date":"2021-08-06T13:34:17","date_gmt":"2021-08-06T17:34:17","guid":{"rendered":"https:\/\/sha.c13.myftpupload.com\/?page_id=3783"},"modified":"2024-04-26T13:46:39","modified_gmt":"2024-04-26T17:46:39","slug":"copper-alloys","status":"publish","type":"page","link":"https:\/\/development.centralwire.com\/de\/products\/copper-wire\/copper-alloys\/","title":{"rendered":"Kupferlegierungen"},"content":{"rendered":"<div data-elementor-type=\"wp-page\" data-elementor-id=\"3783\" class=\"elementor elementor-3783\" data-elementor-post-type=\"page\">\n\t\t\t\t<div class=\"elementor-element elementor-element-7effdf5 e-con-full e-flex e-con e-parent\" data-id=\"7effdf5\" data-element_type=\"container\" data-e-type=\"container\" data-settings=\"{&quot;background_background&quot;:&quot;classic&quot;,&quot;_ob_use_container_extras&quot;:&quot;no&quot;,&quot;_ob_column_hoveranimator&quot;:&quot;no&quot;,&quot;_ob_glider_is_slider&quot;:&quot;no&quot;,&quot;_ob_column_has_pseudo&quot;:&quot;no&quot;}\">\n\t\t\t\t<div class=\"elementor-element elementor-element-f91ddc4 elementor-widget__width-initial ob-harakiri-inherit ob-has-background-overlay elementor-widget elementor-widget-text-editor\" data-id=\"f91ddc4\" data-element_type=\"widget\" data-e-type=\"widget\" data-settings=\"{&quot;_ob_use_harakiri&quot;:&quot;yes&quot;,&quot;_ob_harakiri_writing_mode&quot;:&quot;inherit&quot;,&quot;_ob_postman_use&quot;:&quot;no&quot;,&quot;_ob_widget_stalker_use&quot;:&quot;no&quot;,&quot;_ob_poopart_use&quot;:&quot;yes&quot;,&quot;_ob_shadough_use&quot;:&quot;no&quot;,&quot;_ob_allow_hoveranimator&quot;:&quot;no&quot;}\" data-widget_type=\"text-editor.default\">\n\t\t\t\t<div class=\"elementor-widget-container\">\n\t\t\t\t\t\t\t\t\tKupferlegierungen sind eine ideale Wahl f\u00fcr viele Drahtanwendungen. Kupfer hat eine hohe Zugfestigkeit, eine hohe Duktilit\u00e4t und eine gute Korrosionsbest\u00e4ndigkeit. Ob Sie sauerstofffreies, elektrolytisches oder z\u00e4hes Kupfer ben\u00f6tigen, Central Wire hat verschiedene Kupferprodukte. Ziehen Sie f\u00fcr Ihren Handel entweder C101-, C102- oder C110-Legierungen in Betracht.\t\t\t\t\t\t\t\t<\/div>\n\t\t\t\t<\/div>\n\t\t\t\t<\/div>\n\t\t<div class=\"elementor-element elementor-element-9ddf084 e-flex e-con-boxed e-con e-parent\" data-id=\"9ddf084\" data-element_type=\"container\" data-e-type=\"container\" data-settings=\"{&quot;_ob_use_container_extras&quot;:&quot;no&quot;,&quot;_ob_column_hoveranimator&quot;:&quot;no&quot;,&quot;_ob_glider_is_slider&quot;:&quot;no&quot;,&quot;_ob_column_has_pseudo&quot;:&quot;no&quot;}\">\n\t\t\t\t\t<div class=\"e-con-inner\">\n\t\t\t\t<div class=\"elementor-element elementor-element-846244d ob-has-background-overlay elementor-widget elementor-widget-n-accordion\" data-id=\"846244d\" data-element_type=\"widget\" data-e-type=\"widget\" data-settings=\"{&quot;default_state&quot;:&quot;expanded&quot;,&quot;max_items_expended&quot;:&quot;one&quot;,&quot;n_accordion_animation_duration&quot;:{&quot;unit&quot;:&quot;ms&quot;,&quot;size&quot;:400,&quot;sizes&quot;:[]},&quot;_ob_widget_stalker_use&quot;:&quot;no&quot;,&quot;_ob_poopart_use&quot;:&quot;yes&quot;,&quot;_ob_shadough_use&quot;:&quot;no&quot;,&quot;_ob_allow_hoveranimator&quot;:&quot;no&quot;}\" data-widget_type=\"nested-accordion.default\">\n\t\t\t\t<div class=\"elementor-widget-container\">\n\t\t\t\t\t\t\t<div class=\"e-n-accordion\" aria-label=\"Accordion. Open links with Enter or Space, close with Escape, and navigate with Arrow Keys\">\n\t\t\t\t\t\t<details id=\"e-n-accordion-item-1380\" class=\"e-n-accordion-item\" open>\n\t\t\t\t<summary class=\"e-n-accordion-item-title\" data-accordion-index=\"1\" tabindex=\"0\" aria-expanded=\"true\" aria-controls=\"e-n-accordion-item-1380\" >\n\t\t\t\t\t<span class='e-n-accordion-item-title-header'><div class=\"e-n-accordion-item-title-text\"> C101 <\/div><\/span>\n\t\t\t\t\t\t\t<span class='e-n-accordion-item-title-icon'>\n\t\t\t<span class='e-opened' ><svg aria-hidden=\"true\" class=\"e-font-icon-svg e-fas-minus\" viewbox=\"0 0 448 512\" xmlns=\"http:\/\/www.w3.org\/2000\/svg\"><path d=\"M416 208H32c-17.67 0-32 14.33-32 32v32c0 17.67 14.33 32 32 32h384c17.67 0 32-14.33 32-32v-32c0-17.67-14.33-32-32-32z\"><\/path><\/svg><\/span>\n\t\t\t<span class='e-closed'><svg aria-hidden=\"true\" class=\"e-font-icon-svg e-fas-plus\" viewbox=\"0 0 448 512\" xmlns=\"http:\/\/www.w3.org\/2000\/svg\"><path d=\"M416 208H272V64c0-17.67-14.33-32-32-32h-32c-17.67 0-32 14.33-32 32v144H32c-17.67 0-32 14.33-32 32v32c0 17.67 14.33 32 32 32h144v144c0 17.67 14.33 32 32 32h32c17.67 0 32-14.33 32-32V304h144c17.67 0 32-14.33 32-32v-32c0-17.67-14.33-32-32-32z\"><\/path><\/svg><\/span>\n\t\t<\/span>\n\n\t\t\t\t\t\t<\/summary>\n\t\t\t\t<div role=\"region\" aria-labelledby=\"e-n-accordion-item-1380\" class=\"elementor-element elementor-element-5d02b68 e-con-full e-flex e-con e-child\" data-id=\"5d02b68\" data-element_type=\"container\" data-e-type=\"container\" data-settings=\"{&quot;_ob_use_container_extras&quot;:&quot;no&quot;,&quot;_ob_column_hoveranimator&quot;:&quot;no&quot;,&quot;_ob_glider_is_slider&quot;:&quot;no&quot;,&quot;_ob_column_has_pseudo&quot;:&quot;no&quot;}\">\n\t\t\t\t<div class=\"elementor-element elementor-element-7941d93 ob-harakiri-inherit ob-has-background-overlay elementor-widget elementor-widget-text-editor\" data-id=\"7941d93\" data-element_type=\"widget\" data-e-type=\"widget\" data-settings=\"{&quot;_ob_use_harakiri&quot;:&quot;yes&quot;,&quot;_ob_harakiri_writing_mode&quot;:&quot;inherit&quot;,&quot;_ob_postman_use&quot;:&quot;no&quot;,&quot;_ob_widget_stalker_use&quot;:&quot;no&quot;,&quot;_ob_poopart_use&quot;:&quot;yes&quot;,&quot;_ob_shadough_use&quot;:&quot;no&quot;,&quot;_ob_allow_hoveranimator&quot;:&quot;no&quot;}\" data-widget_type=\"text-editor.default\">\n\t\t\t\t<div class=\"elementor-widget-container\">\n\t\t\t\t\t\t\t\t\tSauerstofffreies, elektronisches Kupfer\t\t\t\t\t\t\t\t<\/div>\n\t\t\t\t<\/div>\n\t\t\t\t<\/div>\n\t\t\t\t\t<\/details>\n\t\t\t\t\t\t<details id=\"e-n-accordion-item-1381\" class=\"e-n-accordion-item\" >\n\t\t\t\t<summary class=\"e-n-accordion-item-title\" data-accordion-index=\"2\" tabindex=\"-1\" aria-expanded=\"false\" aria-controls=\"e-n-accordion-item-1381\" >\n\t\t\t\t\t<span class='e-n-accordion-item-title-header'><div class=\"e-n-accordion-item-title-text\"> C102 <\/div><\/span>\n\t\t\t\t\t\t\t<span class='e-n-accordion-item-title-icon'>\n\t\t\t<span class='e-opened' ><svg aria-hidden=\"true\" class=\"e-font-icon-svg e-fas-minus\" viewbox=\"0 0 448 512\" xmlns=\"http:\/\/www.w3.org\/2000\/svg\"><path d=\"M416 208H32c-17.67 0-32 14.33-32 32v32c0 17.67 14.33 32 32 32h384c17.67 0 32-14.33 32-32v-32c0-17.67-14.33-32-32-32z\"><\/path><\/svg><\/span>\n\t\t\t<span class='e-closed'><svg aria-hidden=\"true\" class=\"e-font-icon-svg e-fas-plus\" viewbox=\"0 0 448 512\" xmlns=\"http:\/\/www.w3.org\/2000\/svg\"><path d=\"M416 208H272V64c0-17.67-14.33-32-32-32h-32c-17.67 0-32 14.33-32 32v144H32c-17.67 0-32 14.33-32 32v32c0 17.67 14.33 32 32 32h144v144c0 17.67 14.33 32 32 32h32c17.67 0 32-14.33 32-32V304h144c17.67 0 32-14.33 32-32v-32c0-17.67-14.33-32-32-32z\"><\/path><\/svg><\/span>\n\t\t<\/span>\n\n\t\t\t\t\t\t<\/summary>\n\t\t\t\t<div role=\"region\" aria-labelledby=\"e-n-accordion-item-1381\" class=\"elementor-element elementor-element-2ae9e1e e-con-full e-flex e-con e-child\" data-id=\"2ae9e1e\" data-element_type=\"container\" data-e-type=\"container\" data-settings=\"{&quot;_ob_use_container_extras&quot;:&quot;no&quot;,&quot;_ob_column_hoveranimator&quot;:&quot;no&quot;,&quot;_ob_glider_is_slider&quot;:&quot;no&quot;,&quot;_ob_column_has_pseudo&quot;:&quot;no&quot;}\">\n\t\t\t\t<div class=\"elementor-element elementor-element-26ff4e7 ob-harakiri-inherit ob-has-background-overlay elementor-widget elementor-widget-text-editor\" data-id=\"26ff4e7\" data-element_type=\"widget\" data-e-type=\"widget\" data-settings=\"{&quot;_ob_use_harakiri&quot;:&quot;yes&quot;,&quot;_ob_harakiri_writing_mode&quot;:&quot;inherit&quot;,&quot;_ob_postman_use&quot;:&quot;no&quot;,&quot;_ob_widget_stalker_use&quot;:&quot;no&quot;,&quot;_ob_poopart_use&quot;:&quot;yes&quot;,&quot;_ob_shadough_use&quot;:&quot;no&quot;,&quot;_ob_allow_hoveranimator&quot;:&quot;no&quot;}\" data-widget_type=\"text-editor.default\">\n\t\t\t\t<div class=\"elementor-widget-container\">\n\t\t\t\t\t\t\t\t\tSauerstofffreies Kupfer\t\t\t\t\t\t\t\t<\/div>\n\t\t\t\t<\/div>\n\t\t\t\t<\/div>\n\t\t\t\t\t<\/details>\n\t\t\t\t\t\t<details id=\"e-n-accordion-item-1382\" class=\"e-n-accordion-item\" >\n\t\t\t\t<summary class=\"e-n-accordion-item-title\" data-accordion-index=\"3\" tabindex=\"-1\" aria-expanded=\"false\" aria-controls=\"e-n-accordion-item-1382\" >\n\t\t\t\t\t<span class='e-n-accordion-item-title-header'><div class=\"e-n-accordion-item-title-text\"> C110 <\/div><\/span>\n\t\t\t\t\t\t\t<span class='e-n-accordion-item-title-icon'>\n\t\t\t<span class='e-opened' ><svg aria-hidden=\"true\" class=\"e-font-icon-svg e-fas-minus\" viewbox=\"0 0 448 512\" xmlns=\"http:\/\/www.w3.org\/2000\/svg\"><path d=\"M416 208H32c-17.67 0-32 14.33-32 32v32c0 17.67 14.33 32 32 32h384c17.67 0 32-14.33 32-32v-32c0-17.67-14.33-32-32-32z\"><\/path><\/svg><\/span>\n\t\t\t<span class='e-closed'><svg aria-hidden=\"true\" class=\"e-font-icon-svg e-fas-plus\" viewbox=\"0 0 448 512\" xmlns=\"http:\/\/www.w3.org\/2000\/svg\"><path d=\"M416 208H272V64c0-17.67-14.33-32-32-32h-32c-17.67 0-32 14.33-32 32v144H32c-17.67 0-32 14.33-32 32v32c0 17.67 14.33 32 32 32h144v144c0 17.67 14.33 32 32 32h32c17.67 0 32-14.33 32-32V304h144c17.67 0 32-14.33 32-32v-32c0-17.67-14.33-32-32-32z\"><\/path><\/svg><\/span>\n\t\t<\/span>\n\n\t\t\t\t\t\t<\/summary>\n\t\t\t\t<div role=\"region\" aria-labelledby=\"e-n-accordion-item-1382\" class=\"elementor-element elementor-element-f353fd0 e-con-full e-flex e-con e-child\" data-id=\"f353fd0\" data-element_type=\"container\" data-e-type=\"container\" data-settings=\"{&quot;_ob_use_container_extras&quot;:&quot;no&quot;,&quot;_ob_column_hoveranimator&quot;:&quot;no&quot;,&quot;_ob_glider_is_slider&quot;:&quot;no&quot;,&quot;_ob_column_has_pseudo&quot;:&quot;no&quot;}\">\n\t\t\t\t<div class=\"elementor-element elementor-element-ea86449 ob-harakiri-inherit ob-has-background-overlay elementor-widget elementor-widget-text-editor\" data-id=\"ea86449\" data-element_type=\"widget\" data-e-type=\"widget\" data-settings=\"{&quot;_ob_use_harakiri&quot;:&quot;yes&quot;,&quot;_ob_harakiri_writing_mode&quot;:&quot;inherit&quot;,&quot;_ob_postman_use&quot;:&quot;no&quot;,&quot;_ob_widget_stalker_use&quot;:&quot;no&quot;,&quot;_ob_poopart_use&quot;:&quot;yes&quot;,&quot;_ob_shadough_use&quot;:&quot;no&quot;,&quot;_ob_allow_hoveranimator&quot;:&quot;no&quot;}\" data-widget_type=\"text-editor.default\">\n\t\t\t\t<div class=\"elementor-widget-container\">\n\t\t\t\t\t\t\t\t\t<p>Elektrolytisches z\u00e4hes Kupfer<\/p>\t\t\t\t\t\t\t\t<\/div>\n\t\t\t\t<\/div>\n\t\t\t\t<\/div>\n\t\t\t\t\t<\/details>\n\t\t\t\t\t<\/div>\n\t\t\t\t\t\t<\/div>\n\t\t\t\t<\/div>\n\t\t\t\t\t<\/div>\n\t\t\t\t<\/div>\n\t\t<div class=\"elementor-element elementor-element-caff7d6 e-con-full e-flex e-con e-parent\" data-id=\"caff7d6\" data-element_type=\"container\" data-e-type=\"container\" data-settings=\"{&quot;background_background&quot;:&quot;classic&quot;,&quot;_ob_use_container_extras&quot;:&quot;no&quot;,&quot;_ob_column_hoveranimator&quot;:&quot;no&quot;,&quot;_ob_glider_is_slider&quot;:&quot;no&quot;,&quot;_ob_column_has_pseudo&quot;:&quot;no&quot;}\">\n\t\t<div class=\"elementor-element elementor-element-e51280c e-flex e-con-boxed e-con e-child\" data-id=\"e51280c\" data-element_type=\"container\" data-e-type=\"container\" data-settings=\"{&quot;_ob_use_container_extras&quot;:&quot;no&quot;,&quot;_ob_column_hoveranimator&quot;:&quot;no&quot;,&quot;_ob_glider_is_slider&quot;:&quot;no&quot;,&quot;_ob_column_has_pseudo&quot;:&quot;no&quot;}\">\n\t\t\t\t\t<div class=\"e-con-inner\">\n\t\t\t\t<div class=\"elementor-element elementor-element-bcde872 elementor-view-default ob-has-background-overlay elementor-widget elementor-widget-icon\" data-id=\"bcde872\" data-element_type=\"widget\" data-e-type=\"widget\" data-settings=\"{&quot;_ob_widget_stalker_use&quot;:&quot;no&quot;,&quot;_ob_poopart_use&quot;:&quot;yes&quot;,&quot;_ob_shadough_use&quot;:&quot;no&quot;,&quot;_ob_allow_hoveranimator&quot;:&quot;no&quot;}\" data-widget_type=\"icon.default\">\n\t\t\t\t<div class=\"elementor-widget-container\">\n\t\t\t\t\t\t\t<div class=\"elementor-icon-wrapper\">\n\t\t\t<div class=\"elementor-icon\">\n\t\t\t<svg aria-hidden=\"true\" class=\"e-font-icon-svg e-fas-comment\" viewbox=\"0 0 512 512\" xmlns=\"http:\/\/www.w3.org\/2000\/svg\"><path d=\"M256 32C114.6 32 0 125.1 0 240c0 49.6 21.4 95 57 130.7C44.5 421.1 2.7 466 2.2 466.5c-2.2 2.3-2.8 5.7-1.5 8.7S4.8 480 8 480c66.3 0 116-31.8 140.6-51.4 32.7 12.3 69 19.4 107.4 19.4 141.4 0 256-93.1 256-208S397.4 32 256 32z\"><\/path><\/svg>\t\t\t<\/div>\n\t\t<\/div>\n\t\t\t\t\t\t<\/div>\n\t\t\t\t<\/div>\n\t\t\t\t<div class=\"elementor-element elementor-element-110aec9 ob-harakiri-inherit ob-has-background-overlay elementor-widget elementor-widget-heading\" data-id=\"110aec9\" data-element_type=\"widget\" data-e-type=\"widget\" data-settings=\"{&quot;_ob_use_harakiri&quot;:&quot;yes&quot;,&quot;_ob_harakiri_writing_mode&quot;:&quot;inherit&quot;,&quot;_ob_harakiri_text_clip&quot;:&quot;none&quot;,&quot;_ob_widget_stalker_use&quot;:&quot;no&quot;,&quot;_ob_poopart_use&quot;:&quot;yes&quot;,&quot;_ob_shadough_use&quot;:&quot;no&quot;,&quot;_ob_allow_hoveranimator&quot;:&quot;no&quot;}\" data-widget_type=\"heading.default\">\n\t\t\t\t<div class=\"elementor-widget-container\">\n\t\t\t\t\t<h2 class=\"elementor-heading-title elementor-size-default\">GET Copper WIRE QUOTE<\/h2>\t\t\t\t<\/div>\n\t\t\t\t<\/div>\n\t\t\t\t<div class=\"elementor-element elementor-element-86191c5 elementor-widget__width-initial ob-has-background-overlay elementor-widget elementor-widget-html\" data-id=\"86191c5\" data-element_type=\"widget\" data-e-type=\"widget\" data-settings=\"{&quot;_ob_widget_stalker_use&quot;:&quot;no&quot;,&quot;_ob_poopart_use&quot;:&quot;yes&quot;,&quot;_ob_shadough_use&quot;:&quot;no&quot;,&quot;_ob_allow_hoveranimator&quot;:&quot;no&quot;}\" data-widget_type=\"html.default\">\n\t\t\t\t<div class=\"elementor-widget-container\">\n\t\t\t\t\t<script charset=\"utf-8\" type=\"text\/javascript\" src=\"\/\/js.hsforms.net\/forms\/embed\/v2.js\"><\/script> <script>\r\n  hbspt.forms.create({\r\n    region: \"na1\",\r\n    portalId: \"76035\",\r\n    formId: \"2249b4d9-f70f-41d1-8cbc-d61d446835a4\"\r\n  });\r\n<\/script>\t\t\t\t<\/div>\n\t\t\t\t<\/div>\n\t\t\t\t\t<\/div>\n\t\t\t\t<\/div>\n\t\t\t\t<\/div>\n\t\t\t\t<\/div>","protected":false},"excerpt":{"rendered":"<p>Copper alloys are an ideal choice for many wire applications. Copper has high tensile strength, high ductility, and good corrosion resistance. Whether you need oxygen-free, electrolytic or tough-pitch copper, Central Wire has diverse copper products. Consider either C101, C102 or C110 alloys for your trades. C101 Oxygen-free, electronic copper C102 Oxygen-free Copper C110 Electrolytic tough-pitch [&hellip;]<\/p>\n","protected":false},"author":24,"featured_media":1507,"parent":7954,"menu_order":0,"comment_status":"closed","ping_status":"closed","template":"","meta":{"content-type":"","inline_featured_image":false,"footnotes":""},"class_list":["post-3783","page","type-page","status-publish","has-post-thumbnail","hentry"],"yoast_head":"<!-- This site is optimized with the Yoast SEO Premium plugin v27.2 (Yoast SEO v27.3) - https:\/\/yoast.com\/product\/yoast-seo-premium-wordpress\/ -->\n<title>Copper Alloys | Copper Wires for Various Applications<\/title>\n<meta name=\"description\" content=\"Central Wire Industries carries a wide variety of copper alloys for multiple applications. These copper wires have many uses.\" \/>\n<meta name=\"robots\" content=\"index, follow, max-snippet:-1, max-image-preview:large, max-video-preview:-1\" \/>\n<link rel=\"canonical\" href=\"https:\/\/development.centralwire.com\/de\/products\/copper-wire\/copper-alloys\/\" \/>\n<meta property=\"og:locale\" content=\"de_DE\" \/>\n<meta property=\"og:type\" content=\"article\" \/>\n<meta property=\"og:title\" content=\"Copper Alloys\" \/>\n<meta property=\"og:description\" content=\"Central Wire Industries carries a wide variety of copper alloys for multiple applications. These copper wires have many uses.\" \/>\n<meta property=\"og:url\" content=\"https:\/\/development.centralwire.com\/de\/products\/copper-wire\/copper-alloys\/\" \/>\n<meta property=\"og:site_name\" content=\"Central Wire\" \/>\n<meta property=\"article:publisher\" content=\"https:\/\/www.facebook.com\/centralwire\/\" \/>\n<meta property=\"article:modified_time\" content=\"2024-04-26T17:46:39+00:00\" \/>\n<meta property=\"og:image\" content=\"https:\/\/development.centralwire.com\/wp-content\/uploads\/2019\/08\/blog-header.jpg\" \/>\n\t<meta property=\"og:image:width\" content=\"1920\" \/>\n\t<meta property=\"og:image:height\" content=\"659\" \/>\n\t<meta property=\"og:image:type\" content=\"image\/jpeg\" \/>\n<meta name=\"twitter:card\" content=\"summary_large_image\" \/>\n<meta name=\"twitter:site\" content=\"@centralwire\" \/>\n<meta name=\"twitter:label1\" content=\"Gesch\u00e4tzte Lesezeit\" \/>\n\t<meta name=\"twitter:data1\" content=\"1\u00a0Minute\" \/>\n<script type=\"application\/ld+json\" class=\"yoast-schema-graph\">{\"@context\":\"https:\\\/\\\/schema.org\",\"@graph\":[{\"@type\":\"WebPage\",\"@id\":\"https:\\\/\\\/development.centralwire.com\\\/products\\\/copper-wire\\\/copper-alloys\\\/\",\"url\":\"https:\\\/\\\/development.centralwire.com\\\/products\\\/copper-wire\\\/copper-alloys\\\/\",\"name\":\"Copper Alloys | Copper Wires for Various Applications\",\"isPartOf\":{\"@id\":\"https:\\\/\\\/development.centralwire.com\\\/#website\"},\"primaryImageOfPage\":{\"@id\":\"https:\\\/\\\/development.centralwire.com\\\/products\\\/copper-wire\\\/copper-alloys\\\/#primaryimage\"},\"image\":{\"@id\":\"https:\\\/\\\/development.centralwire.com\\\/products\\\/copper-wire\\\/copper-alloys\\\/#primaryimage\"},\"thumbnailUrl\":\"https:\\\/\\\/development.centralwire.com\\\/wp-content\\\/uploads\\\/2019\\\/08\\\/blog-header.jpg\",\"datePublished\":\"2021-08-06T17:34:17+00:00\",\"dateModified\":\"2024-04-26T17:46:39+00:00\",\"description\":\"Central Wire Industries carries a wide variety of copper alloys for multiple applications. These copper wires have many uses.\",\"breadcrumb\":{\"@id\":\"https:\\\/\\\/development.centralwire.com\\\/products\\\/copper-wire\\\/copper-alloys\\\/#breadcrumb\"},\"inLanguage\":\"de\",\"potentialAction\":[{\"@type\":\"ReadAction\",\"target\":[\"https:\\\/\\\/development.centralwire.com\\\/products\\\/copper-wire\\\/copper-alloys\\\/\"]}]},{\"@type\":\"ImageObject\",\"inLanguage\":\"de\",\"@id\":\"https:\\\/\\\/development.centralwire.com\\\/products\\\/copper-wire\\\/copper-alloys\\\/#primaryimage\",\"url\":\"https:\\\/\\\/development.centralwire.com\\\/wp-content\\\/uploads\\\/2019\\\/08\\\/blog-header.jpg\",\"contentUrl\":\"https:\\\/\\\/development.centralwire.com\\\/wp-content\\\/uploads\\\/2019\\\/08\\\/blog-header.jpg\",\"width\":1920,\"height\":659},{\"@type\":\"BreadcrumbList\",\"@id\":\"https:\\\/\\\/development.centralwire.com\\\/products\\\/copper-wire\\\/copper-alloys\\\/#breadcrumb\",\"itemListElement\":[{\"@type\":\"ListItem\",\"position\":1,\"name\":\"Home\",\"item\":\"https:\\\/\\\/development.centralwire.com\\\/\"},{\"@type\":\"ListItem\",\"position\":2,\"name\":\"Products\",\"item\":\"https:\\\/\\\/development.centralwire.com\\\/it\\\/?page_id=302\"},{\"@type\":\"ListItem\",\"position\":3,\"name\":\"Wire Excellence: Copper, Brass, Bronze, &#038; Nickel Metals\",\"item\":\"https:\\\/\\\/development.centralwire.com\\\/products\\\/copper-wire\\\/\"},{\"@type\":\"ListItem\",\"position\":4,\"name\":\"Copper Alloys\"}]},{\"@type\":\"WebSite\",\"@id\":\"https:\\\/\\\/development.centralwire.com\\\/#website\",\"url\":\"https:\\\/\\\/development.centralwire.com\\\/\",\"name\":\"Central Wire\",\"description\":\"Drawing on Innovation\",\"publisher\":{\"@id\":\"https:\\\/\\\/development.centralwire.com\\\/#organization\"},\"potentialAction\":[{\"@type\":\"SearchAction\",\"target\":{\"@type\":\"EntryPoint\",\"urlTemplate\":\"https:\\\/\\\/development.centralwire.com\\\/?s={search_term_string}\"},\"query-input\":{\"@type\":\"PropertyValueSpecification\",\"valueRequired\":true,\"valueName\":\"search_term_string\"}}],\"inLanguage\":\"de\"},{\"@type\":\"Organization\",\"@id\":\"https:\\\/\\\/development.centralwire.com\\\/#organization\",\"name\":\"Central Wire Inc.\",\"alternateName\":\"Central Wire Group of Companies\",\"url\":\"https:\\\/\\\/development.centralwire.com\\\/\",\"logo\":{\"@type\":\"ImageObject\",\"inLanguage\":\"de\",\"@id\":\"https:\\\/\\\/development.centralwire.com\\\/#\\\/schema\\\/logo\\\/image\\\/\",\"url\":\"https:\\\/\\\/cdn.centralwire.com\\\/wp-content\\\/uploads\\\/2023\\\/03\\\/CWI-Group-Logo-1.png?strip=all&lossy=1&ssl=1\",\"contentUrl\":\"https:\\\/\\\/cdn.centralwire.com\\\/wp-content\\\/uploads\\\/2023\\\/03\\\/CWI-Group-Logo-1.png?strip=all&lossy=1&ssl=1\",\"width\":1400,\"height\":650,\"caption\":\"Central Wire Inc.\"},\"image\":{\"@id\":\"https:\\\/\\\/development.centralwire.com\\\/#\\\/schema\\\/logo\\\/image\\\/\"},\"sameAs\":[\"https:\\\/\\\/www.facebook.com\\\/centralwire\\\/\",\"https:\\\/\\\/x.com\\\/centralwire\",\"https:\\\/\\\/www.linkedin.com\\\/company\\\/central-wire\"]}]}<\/script>\n<!-- \/ Yoast SEO Premium plugin. -->","yoast_head_json":{"title":"Kupferlegierungen | Kupferdr\u00e4hte f\u00fcr verschiedene Anwendungen","description":"Central Wire Industries f\u00fchrt eine gro\u00dfe Auswahl an Kupferlegierungen f\u00fcr zahlreiche Anwendungen. Diese Kupferdr\u00e4hte haben viele Verwendungsm\u00f6glichkeiten.","robots":{"index":"index","follow":"follow","max-snippet":"max-snippet:-1","max-image-preview":"max-image-preview:large","max-video-preview":"max-video-preview:-1"},"canonical":"https:\/\/development.centralwire.com\/de\/products\/copper-wire\/copper-alloys\/","og_locale":"de_DE","og_type":"article","og_title":"Copper Alloys","og_description":"Central Wire Industries carries a wide variety of copper alloys for multiple applications. These copper wires have many uses.","og_url":"https:\/\/development.centralwire.com\/de\/products\/copper-wire\/copper-alloys\/","og_site_name":"Central Wire","article_publisher":"https:\/\/www.facebook.com\/centralwire\/","article_modified_time":"2024-04-26T17:46:39+00:00","og_image":[{"width":1920,"height":659,"url":"https:\/\/development.centralwire.com\/wp-content\/uploads\/2019\/08\/blog-header.jpg","type":"image\/jpeg"}],"twitter_card":"summary_large_image","twitter_site":"@centralwire","twitter_misc":{"Gesch\u00e4tzte Lesezeit":"1\u00a0Minute"},"schema":{"@context":"https:\/\/schema.org","@graph":[{"@type":"WebPage","@id":"https:\/\/development.centralwire.com\/products\/copper-wire\/copper-alloys\/","url":"https:\/\/development.centralwire.com\/products\/copper-wire\/copper-alloys\/","name":"Kupferlegierungen | Kupferdr\u00e4hte f\u00fcr verschiedene Anwendungen","isPartOf":{"@id":"https:\/\/development.centralwire.com\/#website"},"primaryImageOfPage":{"@id":"https:\/\/development.centralwire.com\/products\/copper-wire\/copper-alloys\/#primaryimage"},"image":{"@id":"https:\/\/development.centralwire.com\/products\/copper-wire\/copper-alloys\/#primaryimage"},"thumbnailUrl":"https:\/\/development.centralwire.com\/wp-content\/uploads\/2019\/08\/blog-header.jpg","datePublished":"2021-08-06T17:34:17+00:00","dateModified":"2024-04-26T17:46:39+00:00","description":"Central Wire Industries f\u00fchrt eine gro\u00dfe Auswahl an Kupferlegierungen f\u00fcr zahlreiche Anwendungen. Diese Kupferdr\u00e4hte haben viele Verwendungsm\u00f6glichkeiten.","breadcrumb":{"@id":"https:\/\/development.centralwire.com\/products\/copper-wire\/copper-alloys\/#breadcrumb"},"inLanguage":"de","potentialAction":[{"@type":"ReadAction","target":["https:\/\/development.centralwire.com\/products\/copper-wire\/copper-alloys\/"]}]},{"@type":"ImageObject","inLanguage":"de","@id":"https:\/\/development.centralwire.com\/products\/copper-wire\/copper-alloys\/#primaryimage","url":"https:\/\/development.centralwire.com\/wp-content\/uploads\/2019\/08\/blog-header.jpg","contentUrl":"https:\/\/development.centralwire.com\/wp-content\/uploads\/2019\/08\/blog-header.jpg","width":1920,"height":659},{"@type":"BreadcrumbList","@id":"https:\/\/development.centralwire.com\/products\/copper-wire\/copper-alloys\/#breadcrumb","itemListElement":[{"@type":"ListItem","position":1,"name":"Home","item":"https:\/\/development.centralwire.com\/"},{"@type":"ListItem","position":2,"name":"Products","item":"https:\/\/development.centralwire.com\/it\/?page_id=302"},{"@type":"ListItem","position":3,"name":"Wire Excellence: Copper, Brass, Bronze, &#038; Nickel Metals","item":"https:\/\/development.centralwire.com\/products\/copper-wire\/"},{"@type":"ListItem","position":4,"name":"Copper Alloys"}]},{"@type":"WebSite","@id":"https:\/\/development.centralwire.com\/#website","url":"https:\/\/development.centralwire.com\/","name":"Zentraler Draht","description":"Aus Innovation sch\u00f6pfen","publisher":{"@id":"https:\/\/development.centralwire.com\/#organization"},"potentialAction":[{"@type":"SearchAction","target":{"@type":"EntryPoint","urlTemplate":"https:\/\/development.centralwire.com\/?s={search_term_string}"},"query-input":{"@type":"PropertyValueSpecification","valueRequired":true,"valueName":"search_term_string"}}],"inLanguage":"de"},{"@type":"Organization","@id":"https:\/\/development.centralwire.com\/#organization","name":"Central Wire Inc.","alternateName":"Central Wire Group of Companies","url":"https:\/\/development.centralwire.com\/","logo":{"@type":"ImageObject","inLanguage":"de","@id":"https:\/\/development.centralwire.com\/#\/schema\/logo\/image\/","url":"https:\/\/cdn.centralwire.com\/wp-content\/uploads\/2023\/03\/CWI-Group-Logo-1.png?strip=all&lossy=1&ssl=1","contentUrl":"https:\/\/cdn.centralwire.com\/wp-content\/uploads\/2023\/03\/CWI-Group-Logo-1.png?strip=all&lossy=1&ssl=1","width":1400,"height":650,"caption":"Central Wire Inc."},"image":{"@id":"https:\/\/development.centralwire.com\/#\/schema\/logo\/image\/"},"sameAs":["https:\/\/www.facebook.com\/centralwire\/","https:\/\/x.com\/centralwire","https:\/\/www.linkedin.com\/company\/central-wire"]}]}},"_links":{"self":[{"href":"https:\/\/development.centralwire.com\/de\/wp-json\/wp\/v2\/pages\/3783","targetHints":{"allow":["GET"]}}],"collection":[{"href":"https:\/\/development.centralwire.com\/de\/wp-json\/wp\/v2\/pages"}],"about":[{"href":"https:\/\/development.centralwire.com\/de\/wp-json\/wp\/v2\/types\/page"}],"author":[{"embeddable":true,"href":"https:\/\/development.centralwire.com\/de\/wp-json\/wp\/v2\/users\/24"}],"replies":[{"embeddable":true,"href":"https:\/\/development.centralwire.com\/de\/wp-json\/wp\/v2\/comments?post=3783"}],"version-history":[{"count":0,"href":"https:\/\/development.centralwire.com\/de\/wp-json\/wp\/v2\/pages\/3783\/revisions"}],"up":[{"embeddable":true,"href":"https:\/\/development.centralwire.com\/de\/wp-json\/wp\/v2\/pages\/7954"}],"wp:featuredmedia":[{"embeddable":true,"href":"https:\/\/development.centralwire.com\/de\/wp-json\/wp\/v2\/media\/1507"}],"wp:attachment":[{"href":"https:\/\/development.centralwire.com\/de\/wp-json\/wp\/v2\/media?parent=3783"}],"curies":[{"name":"wp","href":"https:\/\/api.w.org\/{rel}","templated":true}]}}