{"id":1490,"date":"2019-08-14T08:26:55","date_gmt":"2019-08-14T13:26:55","guid":{"rendered":"http:\/\/dev.centralwire.com\/?page_id=1490"},"modified":"2019-10-11T13:36:44","modified_gmt":"2019-10-11T18:36:44","slug":"terms-of-use","status":"publish","type":"page","link":"https:\/\/development.centralwire.com\/de\/terms-of-use\/","title":{"rendered":"Nutzungsbedingungen"},"content":{"rendered":"<p>Willkommen auf unserer Webseite. Wenn Sie diese Website weiterhin durchsuchen und nutzen, stimmen Sie zu, die folgenden Nutzungsbedingungen einzuhalten und an diese gebunden zu sein, die zusammen mit unserer Datenschutzrichtlinie die Beziehung zwischen CENTRAL WIRE INDUSTRIES und Ihnen in Bezug auf diese Website regeln.<\/p>\n<p><strong>Zentrale Drahtindustrien<\/strong><\/p>\n<p>Der Begriff \u201eCENTRAL WIRE INDUSTRIES\u201c oder \u201euns\u201c oder \u201ewir\u201c bezieht sich auf den Eigent\u00fcmer der Website mit eingetragenem Sitz in 1 North Street, Perth, Ontario, Kanada, K7H 2S2. Der Begriff \u201eSie\u201c bezieht sich auf den Benutzer oder Betrachter unserer Website. Die Nutzung dieser Website unterliegt den folgenden Nutzungsbedingungen:<\/p>\n<ul>\n<li>Der Inhalt der Seiten dieser Website dient ausschlie\u00dflich Ihrer allgemeinen Information und Nutzung. \u00c4nderungen vorbehalten.<\/li>\n<li>Weder wir noch Dritte \u00fcbernehmen eine Gew\u00e4hrleistung oder Garantie hinsichtlich der Genauigkeit, Aktualit\u00e4t, Leistung, Vollst\u00e4ndigkeit oder Eignung der auf dieser Website gefundenen oder angebotenen Informationen und Materialien f\u00fcr einen bestimmten Zweck. Sie erkennen an, dass solche Informationen und Materialien Ungenauigkeiten oder Fehler enthalten k\u00f6nnen, und wir schlie\u00dfen ausdr\u00fccklich die Haftung f\u00fcr solche Ungenauigkeiten oder Fehler im gesetzlich zul\u00e4ssigen Umfang aus.<\/li>\n<li>Ihre Nutzung von Informationen oder Materialien auf dieser Website erfolgt ausschlie\u00dflich auf Ihr eigenes Risiko, f\u00fcr das wir nicht haftbar sind. Es liegt in Ihrer eigenen Verantwortung, sicherzustellen, dass alle Produkte, Dienstleistungen oder Informationen, die \u00fcber diese Website verf\u00fcgbar sind, Ihren spezifischen Anforderungen entsprechen.<\/li>\n<li>Diese Website enth\u00e4lt Material, das uns geh\u00f6rt oder an uns lizenziert ist. Dieses Material umfasst, ist aber nicht beschr\u00e4nkt auf Design, Layout, Aussehen, Erscheinungsbild und Grafiken. Die Vervielf\u00e4ltigung ist au\u00dfer in \u00dcbereinstimmung mit dem Urheberrechtshinweis, der Bestandteil dieser Gesch\u00e4ftsbedingungen ist, untersagt.<\/li>\n<li>Alle auf dieser Website wiedergegebenen Warenzeichen, die nicht Eigentum des Betreibers sind oder an ihn lizenziert sind, werden auf der Website anerkannt.<\/li>\n<li>Die unbefugte Nutzung dieser Website kann Schadensersatzanspr\u00fcche begr\u00fcnden und\/oder strafbar sein.<\/li>\n<li>Von Zeit zu Zeit kann diese Website auch Links zu anderen Websites enthalten. Diese Links werden Ihnen zur Bereitstellung weiterer Informationen zur Verf\u00fcgung gestellt. Sie bedeuten nicht, dass wir die Website(s) unterst\u00fctzen. F\u00fcr den Inhalt der verlinkten Website(s) \u00fcbernehmen wir keine Verantwortung.<\/li>\n<li>Sie d\u00fcrfen ohne die vorherige schriftliche Zustimmung von Central Wire Industries keinen Link zu dieser Website von einer anderen Website oder einem anderen Dokument erstellen.<\/li>\n<li>Ihre Nutzung dieser Website und\/oder Streitigkeiten, die sich aus einer solchen Nutzung der Website ergeben, unterliegen den Gesetzen von Kanada.<\/li>\n<\/ul>\n<p>&nbsp;<\/p>\n<p>&nbsp;<\/p>","protected":false},"excerpt":{"rendered":"<p>Welcome to our website. If you continue to browse and use this website you are agreeing to comply with and be bound by the following terms and conditions of use, which together with our privacy policy govern CENTRAL WIRE INDUSTRIES relationship with you in relation to this website. Central Wire Industries The term \u2018CENTRAL WIRE [&hellip;]<\/p>\n","protected":false},"author":7,"featured_media":0,"parent":0,"menu_order":0,"comment_status":"closed","ping_status":"closed","template":"","meta":{"content-type":"","inline_featured_image":false,"footnotes":""},"class_list":["post-1490","page","type-page","status-publish","hentry"],"yoast_head":"<!-- This site is optimized with the Yoast SEO Premium plugin v27.2 (Yoast SEO v27.3) - https:\/\/yoast.com\/product\/yoast-seo-premium-wordpress\/ -->\n<title>Terms Of Use | Central Wire<\/title>\n<meta name=\"robots\" content=\"index, follow, max-snippet:-1, max-image-preview:large, max-video-preview:-1\" \/>\n<link rel=\"canonical\" href=\"https:\/\/development.centralwire.com\/de\/terms-of-use\/\" \/>\n<meta property=\"og:locale\" content=\"de_DE\" \/>\n<meta property=\"og:type\" content=\"article\" \/>\n<meta property=\"og:title\" content=\"Terms Of Use\" \/>\n<meta property=\"og:description\" content=\"Welcome to our website. If you continue to browse and use this website you are agreeing to comply with and be bound by the following terms and conditions of use, which together with our privacy policy govern CENTRAL WIRE INDUSTRIES relationship with you in relation to this website. Central Wire Industries The term \u2018CENTRAL WIRE [&hellip;]\" \/>\n<meta property=\"og:url\" content=\"https:\/\/development.centralwire.com\/de\/terms-of-use\/\" \/>\n<meta property=\"og:site_name\" content=\"Central Wire\" \/>\n<meta property=\"article:publisher\" content=\"https:\/\/www.facebook.com\/centralwire\/\" \/>\n<meta property=\"article:modified_time\" content=\"2019-10-11T18:36:44+00:00\" \/>\n<meta name=\"twitter:card\" content=\"summary_large_image\" \/>\n<meta name=\"twitter:site\" content=\"@centralwire\" \/>\n<meta name=\"twitter:label1\" content=\"Gesch\u00e4tzte Lesezeit\" \/>\n\t<meta name=\"twitter:data1\" content=\"2\u00a0Minuten\" \/>\n<script type=\"application\/ld+json\" class=\"yoast-schema-graph\">{\"@context\":\"https:\\\/\\\/schema.org\",\"@graph\":[{\"@type\":\"WebPage\",\"@id\":\"https:\\\/\\\/development.centralwire.com\\\/terms-of-use\\\/\",\"url\":\"https:\\\/\\\/development.centralwire.com\\\/terms-of-use\\\/\",\"name\":\"Terms Of Use | Central Wire\",\"isPartOf\":{\"@id\":\"https:\\\/\\\/development.centralwire.com\\\/#website\"},\"datePublished\":\"2019-08-14T13:26:55+00:00\",\"dateModified\":\"2019-10-11T18:36:44+00:00\",\"breadcrumb\":{\"@id\":\"https:\\\/\\\/development.centralwire.com\\\/terms-of-use\\\/#breadcrumb\"},\"inLanguage\":\"de\",\"potentialAction\":[{\"@type\":\"ReadAction\",\"target\":[\"https:\\\/\\\/development.centralwire.com\\\/terms-of-use\\\/\"]}]},{\"@type\":\"BreadcrumbList\",\"@id\":\"https:\\\/\\\/development.centralwire.com\\\/terms-of-use\\\/#breadcrumb\",\"itemListElement\":[{\"@type\":\"ListItem\",\"position\":1,\"name\":\"Home\",\"item\":\"https:\\\/\\\/development.centralwire.com\\\/\"},{\"@type\":\"ListItem\",\"position\":2,\"name\":\"Terms Of Use\"}]},{\"@type\":\"WebSite\",\"@id\":\"https:\\\/\\\/development.centralwire.com\\\/#website\",\"url\":\"https:\\\/\\\/development.centralwire.com\\\/\",\"name\":\"Central Wire\",\"description\":\"Drawing on Innovation\",\"publisher\":{\"@id\":\"https:\\\/\\\/development.centralwire.com\\\/#organization\"},\"potentialAction\":[{\"@type\":\"SearchAction\",\"target\":{\"@type\":\"EntryPoint\",\"urlTemplate\":\"https:\\\/\\\/development.centralwire.com\\\/?s={search_term_string}\"},\"query-input\":{\"@type\":\"PropertyValueSpecification\",\"valueRequired\":true,\"valueName\":\"search_term_string\"}}],\"inLanguage\":\"de\"},{\"@type\":\"Organization\",\"@id\":\"https:\\\/\\\/development.centralwire.com\\\/#organization\",\"name\":\"Central Wire Inc.\",\"alternateName\":\"Central Wire Group of Companies\",\"url\":\"https:\\\/\\\/development.centralwire.com\\\/\",\"logo\":{\"@type\":\"ImageObject\",\"inLanguage\":\"de\",\"@id\":\"https:\\\/\\\/development.centralwire.com\\\/#\\\/schema\\\/logo\\\/image\\\/\",\"url\":\"https:\\\/\\\/cdn.centralwire.com\\\/wp-content\\\/uploads\\\/2023\\\/03\\\/CWI-Group-Logo-1.png?strip=all&lossy=1&ssl=1\",\"contentUrl\":\"https:\\\/\\\/cdn.centralwire.com\\\/wp-content\\\/uploads\\\/2023\\\/03\\\/CWI-Group-Logo-1.png?strip=all&lossy=1&ssl=1\",\"width\":1400,\"height\":650,\"caption\":\"Central Wire Inc.\"},\"image\":{\"@id\":\"https:\\\/\\\/development.centralwire.com\\\/#\\\/schema\\\/logo\\\/image\\\/\"},\"sameAs\":[\"https:\\\/\\\/www.facebook.com\\\/centralwire\\\/\",\"https:\\\/\\\/x.com\\\/centralwire\",\"https:\\\/\\\/www.linkedin.com\\\/company\\\/central-wire\"]}]}<\/script>\n<!-- \/ Yoast SEO Premium plugin. -->","yoast_head_json":{"title":"Nutzungsbedingungen | Zentraler Draht","robots":{"index":"index","follow":"follow","max-snippet":"max-snippet:-1","max-image-preview":"max-image-preview:large","max-video-preview":"max-video-preview:-1"},"canonical":"https:\/\/development.centralwire.com\/de\/terms-of-use\/","og_locale":"de_DE","og_type":"article","og_title":"Terms Of Use","og_description":"Welcome to our website. If you continue to browse and use this website you are agreeing to comply with and be bound by the following terms and conditions of use, which together with our privacy policy govern CENTRAL WIRE INDUSTRIES relationship with you in relation to this website. Central Wire Industries The term \u2018CENTRAL WIRE [&hellip;]","og_url":"https:\/\/development.centralwire.com\/de\/terms-of-use\/","og_site_name":"Central Wire","article_publisher":"https:\/\/www.facebook.com\/centralwire\/","article_modified_time":"2019-10-11T18:36:44+00:00","twitter_card":"summary_large_image","twitter_site":"@centralwire","twitter_misc":{"Gesch\u00e4tzte Lesezeit":"2\u00a0Minuten"},"schema":{"@context":"https:\/\/schema.org","@graph":[{"@type":"WebPage","@id":"https:\/\/development.centralwire.com\/terms-of-use\/","url":"https:\/\/development.centralwire.com\/terms-of-use\/","name":"Nutzungsbedingungen | Zentraler Draht","isPartOf":{"@id":"https:\/\/development.centralwire.com\/#website"},"datePublished":"2019-08-14T13:26:55+00:00","dateModified":"2019-10-11T18:36:44+00:00","breadcrumb":{"@id":"https:\/\/development.centralwire.com\/terms-of-use\/#breadcrumb"},"inLanguage":"de","potentialAction":[{"@type":"ReadAction","target":["https:\/\/development.centralwire.com\/terms-of-use\/"]}]},{"@type":"BreadcrumbList","@id":"https:\/\/development.centralwire.com\/terms-of-use\/#breadcrumb","itemListElement":[{"@type":"ListItem","position":1,"name":"Home","item":"https:\/\/development.centralwire.com\/"},{"@type":"ListItem","position":2,"name":"Terms Of Use"}]},{"@type":"WebSite","@id":"https:\/\/development.centralwire.com\/#website","url":"https:\/\/development.centralwire.com\/","name":"Zentraler Draht","description":"Aus Innovation sch\u00f6pfen","publisher":{"@id":"https:\/\/development.centralwire.com\/#organization"},"potentialAction":[{"@type":"SearchAction","target":{"@type":"EntryPoint","urlTemplate":"https:\/\/development.centralwire.com\/?s={search_term_string}"},"query-input":{"@type":"PropertyValueSpecification","valueRequired":true,"valueName":"search_term_string"}}],"inLanguage":"de"},{"@type":"Organization","@id":"https:\/\/development.centralwire.com\/#organization","name":"Central Wire Inc.","alternateName":"Central Wire Group of Companies","url":"https:\/\/development.centralwire.com\/","logo":{"@type":"ImageObject","inLanguage":"de","@id":"https:\/\/development.centralwire.com\/#\/schema\/logo\/image\/","url":"https:\/\/cdn.centralwire.com\/wp-content\/uploads\/2023\/03\/CWI-Group-Logo-1.png?strip=all&lossy=1&ssl=1","contentUrl":"https:\/\/cdn.centralwire.com\/wp-content\/uploads\/2023\/03\/CWI-Group-Logo-1.png?strip=all&lossy=1&ssl=1","width":1400,"height":650,"caption":"Central Wire Inc."},"image":{"@id":"https:\/\/development.centralwire.com\/#\/schema\/logo\/image\/"},"sameAs":["https:\/\/www.facebook.com\/centralwire\/","https:\/\/x.com\/centralwire","https:\/\/www.linkedin.com\/company\/central-wire"]}]}},"_links":{"self":[{"href":"https:\/\/development.centralwire.com\/de\/wp-json\/wp\/v2\/pages\/1490","targetHints":{"allow":["GET"]}}],"collection":[{"href":"https:\/\/development.centralwire.com\/de\/wp-json\/wp\/v2\/pages"}],"about":[{"href":"https:\/\/development.centralwire.com\/de\/wp-json\/wp\/v2\/types\/page"}],"author":[{"embeddable":true,"href":"https:\/\/development.centralwire.com\/de\/wp-json\/wp\/v2\/users\/7"}],"replies":[{"embeddable":true,"href":"https:\/\/development.centralwire.com\/de\/wp-json\/wp\/v2\/comments?post=1490"}],"version-history":[{"count":0,"href":"https:\/\/development.centralwire.com\/de\/wp-json\/wp\/v2\/pages\/1490\/revisions"}],"wp:attachment":[{"href":"https:\/\/development.centralwire.com\/de\/wp-json\/wp\/v2\/media?parent=1490"}],"curies":[{"name":"wp","href":"https:\/\/api.w.org\/{rel}","templated":true}]}}